{"id":175,"date":"2016-12-17T15:07:00","date_gmt":"2016-12-17T15:07:00","guid":{"rendered":"http:\/\/rimera.eu\/?page_id=175"},"modified":"2016-12-20T11:07:15","modified_gmt":"2016-12-20T11:07:15","slug":"yritysinfo","status":"publish","type":"page","link":"http:\/\/www.rimera.eu\/index.php\/yritysinfo\/?lang=fi","title":{"rendered":"Yritysinfo"},"content":{"rendered":"<p style=\"text-align: left;\">Rimera Recruitment O\u00dc on 2010 vuodesta asti toimiva ja aktiivinen henkil\u00f6st\u00f6palvelualan yritys, joka vuokraa ja rekrytoi ty\u00f6ntekij\u00f6it\u00e4 kaikille toimialoille niin Virossa ett\u00e4 Suomessa.<\/p>\n<p style=\"text-align: left;\">Olemme pieni, ketter\u00e4 suomalais-virolainen henkil\u00f6st\u00f6alanyritys, jonka osaaminen pohjaa vankkaan kokemukseemme ty\u00f6voimavaltaisten toimialojen osaajavuokrauksesta ja \u2013rekrytoinneista. Olemme tehneet tuloksellista yhteisty\u00f6t\u00e4 usean suomalaisten palvelutoimialayritysten kanssa jo vuosia. Kokemuksia Rimeran vastuuhenkil\u00f6ill\u00e4 on henkil\u00f6st\u00f6vuokrauksen ja henkil\u00f6st\u00f6n rekrytoinnin alalla niin Virossa kun Suomessakin jo vuodesta 2004.<\/p>\n<p style=\"text-align: left;\">Panostamme erityisesti hyv\u00e4\u00e4n ja luotettavaan henkil\u00f6kohtaiseen palveluun. Meid\u00e4n tavoite on yhdist\u00e4\u00e4 ty\u00f6nantaja ja ammattitaitoinen ty\u00f6ntekij\u00e4 niin ett\u00e4 molemmat osapuolet olisivat tyytyv\u00e4iset. Asiakkaidemme ja ty\u00f6ntekij\u00f6idemme henkil\u00f6kohtainen tyytyv\u00e4isyys on meille hyvin t\u00e4rke\u00e4.<\/p>\n<p style=\"text-align: left;\">Hoidamme jokaisen rekrytointi\/vuokrauspalvelutoimeksiannon varsin asiakaskohtaisesti \u2013 \u00a0juuri asiakkaan tarpeita nimenomaisesti huomioiden.<\/p>\n<p style=\"text-align: left;\">Henkil\u00f6kohtaisilla kontakteilla takaamme asiakkaidemme ja ty\u00f6ntekij\u00f6idemme tyytyv\u00e4isyyden.<\/p>\n<p style=\"text-align: left;\">L\u00f6yt\u00e4mme Virosta ty\u00f6voimaa l\u00e4hes kaikille toimialoille; hoidamme kaikentasoiset rekrytoinnit ja ty\u00f6voiman vuokrauksen sek\u00e4 konsultoimme muissa HR-asioissa.Nojaudumme Euroopan Unionin lakeihin ja sopimuksiin.<\/p>\n<p style=\"text-align: left;\">Suomessa on yrityksell\u00e4mme seuraavat rekister\u00f6innit: ennakkoperint\u00e4rekisteri, ty\u00f6nantajarekisteri . Katso tarkemmin: www.ytj.fi<\/p>\n","protected":false},"excerpt":{"rendered":"<p>Rimera Recruitment O\u00dc on 2010 vuodesta asti toimiva ja aktiivinen henkil\u00f6st\u00f6palvelualan yritys, joka vuokraa ja rekrytoi ty\u00f6ntekij\u00f6it\u00e4 kaikille toimialoille niin Virossa ett\u00e4 Suomessa. Olemme pieni, ketter\u00e4 suomalais-virolainen henkil\u00f6st\u00f6alanyritys, jonka osaaminen pohjaa vankkaan kokemukseemme ty\u00f6voimavaltaisten toimialojen osaajavuokrauksesta ja \u2013rekrytoinneista. Olemme tehneet tuloksellista yhteisty\u00f6t\u00e4 usean suomalaisten palvelutoimialayritysten kanssa jo vuosia. Kokemuksia Rimeran vastuuhenkil\u00f6ill\u00e4 on henkil\u00f6st\u00f6vuokrauksen ja henkil\u00f6st\u00f6n [&hellip;]<\/p>\n","protected":false},"author":1,"featured_media":0,"parent":0,"menu_order":0,"comment_status":"closed","ping_status":"closed","template":"esileht-template.php","meta":{"footnotes":""},"class_list":["post-175","page","type-page","status-publish","hentry"],"acf":[],"_links":{"self":[{"href":"http:\/\/www.rimera.eu\/index.php\/wp-json\/wp\/v2\/pages\/175","targetHints":{"allow":["GET"]}}],"collection":[{"href":"http:\/\/www.rimera.eu\/index.php\/wp-json\/wp\/v2\/pages"}],"about":[{"href":"http:\/\/www.rimera.eu\/index.php\/wp-json\/wp\/v2\/types\/page"}],"author":[{"embeddable":true,"href":"http:\/\/www.rimera.eu\/index.php\/wp-json\/wp\/v2\/users\/1"}],"replies":[{"embeddable":true,"href":"http:\/\/www.rimera.eu\/index.php\/wp-json\/wp\/v2\/comments?post=175"}],"version-history":[{"count":4,"href":"http:\/\/www.rimera.eu\/index.php\/wp-json\/wp\/v2\/pages\/175\/revisions"}],"predecessor-version":[{"id":188,"href":"http:\/\/www.rimera.eu\/index.php\/wp-json\/wp\/v2\/pages\/175\/revisions\/188"}],"wp:attachment":[{"href":"http:\/\/www.rimera.eu\/index.php\/wp-json\/wp\/v2\/media?parent=175"}],"curies":[{"name":"wp","href":"https:\/\/api.w.org\/{rel}","templated":true}]}}