{"id":143,"date":"2020-09-11T04:50:05","date_gmt":"2020-09-11T04:50:05","guid":{"rendered":"http:\/\/rimera.eu\/?page_id=143"},"modified":"2021-01-08T07:19:50","modified_gmt":"2021-01-08T07:19:50","slug":"kuldallika-seminari-ja-koolitusmaja","status":"publish","type":"page","link":"https:\/\/www.rimera.eu\/index.php\/kuldallika-seminari-ja-koolitusmaja\/","title":{"rendered":"Kuldallika seminari ja koolitusmaja"},"content":{"rendered":"<p>[wpjb_kuldallika_panel]<\/p>\n<p>Oleme peatselt avamas looduskeskse seminari ja koolituse maja Tallinnast 35 km kaugusel.<\/p>\n<p>Tegemist on p\u00e4evaspaa t\u00fc\u00fcpi teenindushoonega, kus on v\u00f5imalik korraldada kontoriv\u00e4liseid meeskonna\u00fcritusi,<\/p>\n<p>v\u00e4ikeiseid seminare, kokkusaamisi, mida troonib p\u00e4eva l\u00f5pus l\u00f5\u00f5gastus k\u00fcmblust\u00fcnnis, leili- ja aurusaunas.<\/p>\n<p>Lubage oma meeskonnale seda meeldivat vaheldust, et \u00fchendage kasulik ja meeldiv.<\/p>\n<p>Avame hoone kasutuseks 2020 aasta l\u00f5pus.<\/p>\n<p><img decoding=\"async\" src=\"https:\/\/www.agri.ee\/sites\/default\/files\/pictures\/logo\/logo-mak-2014-2020-h-col-eu-text.jpg\" \/><\/p>\n","protected":false},"excerpt":{"rendered":"<p>[wpjb_kuldallika_panel] Oleme peatselt avamas looduskeskse seminari ja koolituse maja Tallinnast 35 km kaugusel. Tegemist on p\u00e4evaspaa t\u00fc\u00fcpi teenindushoonega, kus on v\u00f5imalik korraldada kontoriv\u00e4liseid meeskonna\u00fcritusi, v\u00e4ikeiseid seminare, kokkusaamisi, mida troonib p\u00e4eva l\u00f5pus l\u00f5\u00f5gastus k\u00fcmblust\u00fcnnis, leili- ja aurusaunas. Lubage oma meeskonnale seda meeldivat vaheldust, et \u00fchendage kasulik ja meeldiv. Avame hoone kasutuseks 2020 aasta l\u00f5pus.<\/p>\n","protected":false},"author":1,"featured_media":0,"parent":0,"menu_order":0,"comment_status":"closed","ping_status":"closed","template":"","meta":{"footnotes":""},"class_list":["post-143","page","type-page","status-publish","hentry"],"acf":[],"_links":{"self":[{"href":"https:\/\/www.rimera.eu\/index.php\/wp-json\/wp\/v2\/pages\/143","targetHints":{"allow":["GET"]}}],"collection":[{"href":"https:\/\/www.rimera.eu\/index.php\/wp-json\/wp\/v2\/pages"}],"about":[{"href":"https:\/\/www.rimera.eu\/index.php\/wp-json\/wp\/v2\/types\/page"}],"author":[{"embeddable":true,"href":"https:\/\/www.rimera.eu\/index.php\/wp-json\/wp\/v2\/users\/1"}],"replies":[{"embeddable":true,"href":"https:\/\/www.rimera.eu\/index.php\/wp-json\/wp\/v2\/comments?post=143"}],"version-history":[{"count":3,"href":"https:\/\/www.rimera.eu\/index.php\/wp-json\/wp\/v2\/pages\/143\/revisions"}],"predecessor-version":[{"id":294,"href":"https:\/\/www.rimera.eu\/index.php\/wp-json\/wp\/v2\/pages\/143\/revisions\/294"}],"wp:attachment":[{"href":"https:\/\/www.rimera.eu\/index.php\/wp-json\/wp\/v2\/media?parent=143"}],"curies":[{"name":"wp","href":"https:\/\/api.w.org\/{rel}","templated":true}]}}