{"id":144,"date":"2016-12-16T21:28:04","date_gmt":"2016-12-16T21:28:04","guid":{"rendered":"http:\/\/rimera.eu\/?page_id=144"},"modified":"2016-12-16T21:28:04","modified_gmt":"2016-12-16T21:28:04","slug":"infoks-soome-toole-asujale","status":"publish","type":"page","link":"https:\/\/www.rimera.eu\/index.php\/infoks-soome-toole-asujale\/","title":{"rendered":"Infoks Soome t\u00f6\u00f6le asujale"},"content":{"rendered":"<h2>EL-i kodaniku elama asumine Soome<\/h2>\n<p><strong>Kui oled m\u00f5ne EL-i riigi kodanik, ei vaja sa Soome tulekuks elamisluba ega viisat.<\/strong> V\u00f5id Soomes t\u00f6\u00f6tada, tegutseda ettev\u00f5tjana v\u00f5i \u00f5ppida. Kui sul on Soome tulles kaasas kehtiv pass v\u00f5i muu ametlik isikut t\u00f5endav dokument, v\u00f5id elada Soomes kolm kuud registreerimistunnistuseta.<\/p>\n<h2>Elamis\u00f5iguse registreerimine<\/h2>\n<p>Kui elad Soomes \u00fcle kolme kuu, <strong>pead registreerima elamis\u00f5iguse Soomes.<\/strong> Registreeruma pead hiljemalt kolm kuud p\u00e4rast Soome tulekut. Elamis\u00f5iguse saad registreerida<strong> elukohaj\u00e4rgses politseijaoskonnas (poliisiasema).<\/strong> M\u00f5nes linnas tuleb politseijaoskonnas aeg eelnevalt broneerida.<\/p>\n<p>Elamis\u00f5iguse saad registreerida ka <strong>elektrooniliselt<\/strong> Immigratsiooniameti enterfinland.fi \u2013teenuse kaudu, kui sul on soome netipangatunnused. Politseijaoskonda pead siiski ka ise kohale minema, sest pead oma isikut t\u00f5endama ja esitama dokumentide originaalid.<\/p>\n<p>Kui oled registreerunud, saad politseist EL-i kodaniku elamis\u00f5iguse registreerimistunnistuse (Unionin kanslaisen oleskeluoikeuden rekister\u00f6intitodistus). Sinu elamisluba kehtib t\u00e4htajatult. Kui oled elanud Soomes j\u00e4rjest viis aastat, on sul alaline elamis\u00f5igus.<\/p>\n<p>Kui asud Soome elama aastaks v\u00f5i kauemaks, pead end registreerima ka elukohaj\u00e4rgses magistraadis (Maistraatti).<\/p>\n<h2>Elanikuks registreerumine<\/h2>\n<p>Kui oled asunud elama Soome, pead k\u00e4ima elukohaj\u00e4rgses magistraadis (maistraatti). Magistraadis saad teatada elama asumisest. Magistraadis registreeritakse sinu andmed Soome rahvastikuregistrisse. Sealsamas v\u00f5id saada Soome isikukoodi, kui sa ei taotlenud seda elamisloa v\u00f5i EL-i kodaniku registreerimisega samal ajal.<\/p>\n<p>Magistraadis selgitatakse v\u00e4lja, kas sulle saab registreerida koduvalla (kotikunta). Lisateavet leiad Infopankki lehelt Koduvald Soomes.<\/p>\n<p>Kui l\u00e4hed magistraati, v\u00f5ta kaasa j\u00e4rgmised dokumendid:<\/p>\n<ul>\n<li>pass v\u00f5i<\/li>\n<li>muu isikut t\u00f5endav dokument (kui oled m\u00f5ne EL-i riigi v\u00f5i P\u00f5hjamaade kodanik)<\/li>\n<li>abielutunnistus (kui oled abielus)<\/li>\n<li>laste s\u00fcnnitunnistused (kui sul on alla 18-aastasi lapsi)<\/li>\n<li>elamisluba (kui vajad elamisluba Soomes)<\/li>\n<li>EL-i kodaniku elamis\u00f5iguse registreerimistunnistus (kui oled EL-i kodanik)<\/li>\n<li>t\u00f6\u00f6leping, kui registreerud maksuametis<\/li>\n<li>Arvesta sellega, et v\u00e4lismaalase dokumendid peavad olema legaliseeritud, nii et nende p\u00f5hjal saab edastada isikuandmed<\/li>\n<li>rahvastikuregistrisse. Dokumentide legaliseerimise kohta saad teavet oma riigi v\u00e4lisministeeriumist.<\/li>\n<\/ul>\n<p>Kui dokumendid on m\u00f5nes muus keeles, tuleb need t\u00f5lkida soome, rootsi v\u00f5i inglise keelde.<\/p>\n<h2>Soome isikukood<\/h2>\n<p>Elamis\u00f5iguse registreerimisel v\u00f5id saada ka Soome isikukoodi (henkil\u00f6tunnus). Siis kantakse rahvastikuregistrisse sinu isikuandmed, aadress, emakeel ja amet. Isikukoodi l\u00e4heb vaja asjaajamisel ametiasutustega ning lisaks lihtsustab see asjaajamist n\u00e4iteks pankades ja t\u00f6\u00f6andjaga.<\/p>\n<p>Kui sa ei saa elamis\u00f5iguse registreerimisel isikukoodi, saad seda ka hiljem elukohaj\u00e4rgsest magistraadist taotleda.<\/p>\n<p>Info p\u00e4rineb lehelt: www.infopankki.fi<\/p>\n","protected":false},"excerpt":{"rendered":"<p>EL-i kodaniku elama asumine Soome Kui oled m\u00f5ne EL-i riigi kodanik, ei vaja sa Soome tulekuks elamisluba ega viisat. V\u00f5id Soomes t\u00f6\u00f6tada, tegutseda ettev\u00f5tjana v\u00f5i \u00f5ppida. Kui sul on Soome tulles kaasas kehtiv pass v\u00f5i muu ametlik isikut t\u00f5endav dokument, v\u00f5id elada Soomes kolm kuud registreerimistunnistuseta. Elamis\u00f5iguse registreerimine Kui elad Soomes \u00fcle kolme kuu, pead [&hellip;]<\/p>\n","protected":false},"author":1,"featured_media":0,"parent":0,"menu_order":0,"comment_status":"closed","ping_status":"closed","template":"toootsijatele-template.php","meta":{"footnotes":""},"class_list":["post-144","page","type-page","status-publish","hentry"],"acf":[],"_links":{"self":[{"href":"https:\/\/www.rimera.eu\/index.php\/wp-json\/wp\/v2\/pages\/144","targetHints":{"allow":["GET"]}}],"collection":[{"href":"https:\/\/www.rimera.eu\/index.php\/wp-json\/wp\/v2\/pages"}],"about":[{"href":"https:\/\/www.rimera.eu\/index.php\/wp-json\/wp\/v2\/types\/page"}],"author":[{"embeddable":true,"href":"https:\/\/www.rimera.eu\/index.php\/wp-json\/wp\/v2\/users\/1"}],"replies":[{"embeddable":true,"href":"https:\/\/www.rimera.eu\/index.php\/wp-json\/wp\/v2\/comments?post=144"}],"version-history":[{"count":1,"href":"https:\/\/www.rimera.eu\/index.php\/wp-json\/wp\/v2\/pages\/144\/revisions"}],"predecessor-version":[{"id":153,"href":"https:\/\/www.rimera.eu\/index.php\/wp-json\/wp\/v2\/pages\/144\/revisions\/153"}],"wp:attachment":[{"href":"https:\/\/www.rimera.eu\/index.php\/wp-json\/wp\/v2\/media?parent=144"}],"curies":[{"name":"wp","href":"https:\/\/api.w.org\/{rel}","templated":true}]}}