{"id":178,"date":"2016-12-17T15:10:35","date_gmt":"2016-12-17T15:10:35","guid":{"rendered":"http:\/\/rimera.eu\/?page_id=178"},"modified":"2017-04-20T08:45:03","modified_gmt":"2017-04-20T08:45:03","slug":"tyovoiman-vuokraus-ja-rekrytointi","status":"publish","type":"page","link":"https:\/\/www.rimera.eu\/index.php\/tyovoiman-vuokraus-ja-rekrytointi\/?lang=fi","title":{"rendered":"Ty\u00f6voiman vuokraus ja rekrytointi"},"content":{"rendered":"<h4 style=\"text-align: left;\"><em><strong>Tapahtuuko joskus niin ett\u00e4 tarvitte nopeasti ty\u00f6ntekij\u00f6it\u00e4 mutta niit\u00e4 vaan ei l\u00f6ydy?<br \/>\nOttakaa yhdeytt\u00e4 meihin, olemme hyvin kokeneita ja henkil\u00f6st\u00f6ala hyvin tunteevia ammattilaisia Virosta, varmasti pystyt\u00e4\u00e4n auttamaan!<br \/>\nToimitaan kaikilla toimialueilla!<\/strong><\/em><\/h4>\n<p style=\"text-align: left;\">Henkil\u00f6st\u00f6vuokrauspalvelu on yksinkertainen tapa helpotta monimutkaisia \u200b\u200btilanteita, joissa yrityksen omat henkil\u00f6st\u00f6alan ty\u00f6ntekij\u00e4t on varattuna muiden t\u00e4rkeiden hankkeiden tekemisiss\u00e4 ja ty\u00f6voiman rekrytointin hoitamiseen ei j\u00e4\u00e4 riit\u00e4v\u00e4sti aikaa, tai jos Suomen ty\u00f6markkinoilla vaan ei l\u00f6ytyy riit\u00e4v\u00e4sti hyvi\u00e4 ty\u00f6nhakijoita.<\/p>\n<p style=\"text-align: left;\">Pyyt\u00e4k\u00e4\u00e4 meid\u00e4t apuun jos haluatte l\u00f6yt\u00e4\u00e4 nopeita ratkaisuja ty\u00f6voiman tarpeisiin ja toivotte siihen l\u00f6yt\u00e4\u00e4 kokeneen kumppanin.<\/p>\n<p style=\"text-align: left;\">Meill\u00e4 on pitk\u00e4 kokemus Viron-Suomen v\u00e4lisen ty\u00f6voiman vuokrauksen alalla jo vuodesta 2010, meid\u00e4n rekrytoijat ovat rekrytointipalvelun alalla kokeneet Viron-Suomen v\u00e4lill\u00e4 jo 2000 luvun alusta.<\/p>\n<p style=\"text-align: left;\">Rimera Recruitment O\u00dc vuokra ty\u00f6ntekij\u00f6it\u00e4 kaikille toimialoille: <strong>siivousala, horeca, kuljetus- ja varastointi, puutarha, asiakaspalvelu, toimistoty\u00f6, myyntiala, terveys- sosiaalipalvelut, tuotanto, teollisuus, maatalous, kiinteist\u00f6alantoiminta ja muut palvelualat.<\/strong><br \/>\nKysy vaan rohkeasti mink\u00e4l\u00e4ista ty\u00f6ntekij\u00e4\u00e4 tarvitte.<\/p>\n<p style=\"text-align: left;\">Ty\u00f6voiman vuokrauksen palvelulla Rimerasta saat helposti toisesta maasta ty\u00f6ntekij\u00e4n oman yrityksen k\u00e4ytt\u00f6\u00f6n ilman isoa vaivaa. Me hoidetaan kaikki tarvittavat koulutukset ty\u00f6ntekij\u00e4lle ty\u00f6n aloittamiseksi toisessa EU maassa. Esimerkiksi perehdyt\u00e4\u00e4n mihin tule menn\u00e4 rekister\u00f6im\u00e4\u00e4n (Maistraatti, Ulkomaalaispoliisi, Verotoimisto, Kela jm) ja mit\u00e4 kaikkea tarvitaan ty\u00f6ntekemisen aloittamiseksi Suomessa. Solmittaan ty\u00f6sopimukset ja hoitetaan palkanmaksut, verotetaan vaan tehtyist\u00e4 ty\u00f6tunneista.<\/p>\n<p style=\"text-align: left;\">Kun haluatte l\u00f6yt\u00e4\u00e4 ty\u00f6ntekij\u00e4n heti omile listoille, tarjotaan Teille hyvin tarkkaa rekrytointiprosessia, hoitetaan koko rekrytointi Teid\u00e4n puolesta ja tehd\u00e4n ensivalikoima, sen j\u00e4lkeen voitte itse p\u00e4\u00e4tt\u00e4\u00e4 jos valituista l\u00f6ytyy Teille sopiva ty\u00f6ntekij\u00e4 kenen kanssa solmitte itse suorasopimuksen. Maksatte rekrytoinnista sovittun hinnan vaan silloin kun sopiva ty\u00f6ntekij\u00e4 on aloittanut ty\u00f6n Teid\u00e4n yrityksess\u00e4.<br \/>\nArvoamme kovasti asiakkaitemme tyytyv\u00e4isyyt\u00e4 palveluista ja tarjottavista ty\u00f6ntekij\u00f6ist\u00e4, siit\u00e4 syyst\u00e4 panostamme paljon siihen, ett\u00e4 l\u00f6ytyisi juuri Teille sopiva ammatitaitoinen ty\u00f6ntekij\u00e4!<\/p>\n<p style=\"text-align: left;\">Hoitetaan rekrytointiprosessia aina isolla huolella!<\/p>\n<p style=\"text-align: left;\"><strong>L\u00e4hett\u00e4 ty\u00f6voiman tilaus jo t\u00e4n\u00e4\u00e4n niin katsotaan yhdess\u00e4 miten saisimme parhaitten olla Teille avuksi!<\/strong><\/p>\n","protected":false},"excerpt":{"rendered":"<p>Tapahtuuko joskus niin ett\u00e4 tarvitte nopeasti ty\u00f6ntekij\u00f6it\u00e4 mutta niit\u00e4 vaan ei l\u00f6ydy? Ottakaa yhdeytt\u00e4 meihin, olemme hyvin kokeneita ja henkil\u00f6st\u00f6ala hyvin tunteevia ammattilaisia Virosta, varmasti pystyt\u00e4\u00e4n auttamaan! Toimitaan kaikilla toimialueilla! Henkil\u00f6st\u00f6vuokrauspalvelu on yksinkertainen tapa helpotta monimutkaisia \u200b\u200btilanteita, joissa yrityksen omat henkil\u00f6st\u00f6alan ty\u00f6ntekij\u00e4t on varattuna muiden t\u00e4rkeiden hankkeiden tekemisiss\u00e4 ja ty\u00f6voiman rekrytointin hoitamiseen ei j\u00e4\u00e4 riit\u00e4v\u00e4sti [&hellip;]<\/p>\n","protected":false},"author":1,"featured_media":0,"parent":0,"menu_order":0,"comment_status":"closed","ping_status":"closed","template":"ettevottele-template.php","meta":{"footnotes":""},"class_list":["post-178","page","type-page","status-publish","hentry"],"acf":[],"_links":{"self":[{"href":"https:\/\/www.rimera.eu\/index.php\/wp-json\/wp\/v2\/pages\/178","targetHints":{"allow":["GET"]}}],"collection":[{"href":"https:\/\/www.rimera.eu\/index.php\/wp-json\/wp\/v2\/pages"}],"about":[{"href":"https:\/\/www.rimera.eu\/index.php\/wp-json\/wp\/v2\/types\/page"}],"author":[{"embeddable":true,"href":"https:\/\/www.rimera.eu\/index.php\/wp-json\/wp\/v2\/users\/1"}],"replies":[{"embeddable":true,"href":"https:\/\/www.rimera.eu\/index.php\/wp-json\/wp\/v2\/comments?post=178"}],"version-history":[{"count":5,"href":"https:\/\/www.rimera.eu\/index.php\/wp-json\/wp\/v2\/pages\/178\/revisions"}],"predecessor-version":[{"id":220,"href":"https:\/\/www.rimera.eu\/index.php\/wp-json\/wp\/v2\/pages\/178\/revisions\/220"}],"wp:attachment":[{"href":"https:\/\/www.rimera.eu\/index.php\/wp-json\/wp\/v2\/media?parent=178"}],"curies":[{"name":"wp","href":"https:\/\/api.w.org\/{rel}","templated":true}]}}