{"id":28,"date":"2016-09-18T16:54:04","date_gmt":"2016-09-18T16:54:04","guid":{"rendered":"http:\/\/rimera.eu\/?page_id=28"},"modified":"2016-09-18T16:56:45","modified_gmt":"2016-09-18T16:56:45","slug":"toojouvahendus","status":"publish","type":"page","link":"https:\/\/www.rimera.eu\/index.php\/toojouvahendus\/","title":{"rendered":"T\u00f6\u00f6j\u00f5uvahendus"},"content":{"rendered":"","protected":false},"excerpt":{"rendered":"","protected":false},"author":1,"featured_media":0,"parent":0,"menu_order":0,"comment_status":"closed","ping_status":"closed","template":"","meta":{"footnotes":""},"class_list":["post-28","page","type-page","status-publish","hentry"],"acf":[],"_links":{"self":[{"href":"https:\/\/www.rimera.eu\/index.php\/wp-json\/wp\/v2\/pages\/28","targetHints":{"allow":["GET"]}}],"collection":[{"href":"https:\/\/www.rimera.eu\/index.php\/wp-json\/wp\/v2\/pages"}],"about":[{"href":"https:\/\/www.rimera.eu\/index.php\/wp-json\/wp\/v2\/types\/page"}],"author":[{"embeddable":true,"href":"https:\/\/www.rimera.eu\/index.php\/wp-json\/wp\/v2\/users\/1"}],"replies":[{"embeddable":true,"href":"https:\/\/www.rimera.eu\/index.php\/wp-json\/wp\/v2\/comments?post=28"}],"version-history":[{"count":2,"href":"https:\/\/www.rimera.eu\/index.php\/wp-json\/wp\/v2\/pages\/28\/revisions"}],"predecessor-version":[{"id":40,"href":"https:\/\/www.rimera.eu\/index.php\/wp-json\/wp\/v2\/pages\/28\/revisions\/40"}],"wp:attachment":[{"href":"https:\/\/www.rimera.eu\/index.php\/wp-json\/wp\/v2\/media?parent=28"}],"curies":[{"name":"wp","href":"https:\/\/api.w.org\/{rel}","templated":true}]}}